{"id":5155,"date":"2023-06-15T22:34:59","date_gmt":"2023-06-15T22:34:59","guid":{"rendered":"https:\/\/empleos.contatech.org\/staging\/?page_id=5155"},"modified":"2023-06-29T14:10:15","modified_gmt":"2023-06-29T14:10:15","slug":"inicio","status":"publish","type":"page","link":"https:\/\/empleos.contatech.org\/staging\/","title":{"rendered":"Inicio"},"content":{"rendered":"<section class=\"wpb-content-wrapper\"><p>[vc_row full_width=\u00bbstretch_row_content_no_spaces\u00bb css=\u00bb.vc_custom_1686869376747{background-color: #322d4f !important;}\u00bb][vc_column width=\u00bb1\/4&#8243; css=\u00bb.vc_custom_1686868496321{background-color: #322d4f !important;}\u00bb][\/vc_column][vc_column width=\u00bb1\/2&#8243; css=\u00bb.vc_custom_1686931185580{padding-top: 50px !important;padding-bottom: 90px !important;}\u00bb][vc_empty_space height=\u00bb50px\u00bb][vc_column_text]<\/p>\n<h1 style=\"text-align: center; font-size: 40px;\"><span style=\"color: #ffffff;\">Portal de empleo para profesionales y estudiantes de economicas<\/span><\/h1>\n<p>[\/vc_column_text][vc_column_text]<\/p>\n<h3 style=\"text-align: center; font-size: 16px;\"><span style=\"color: #ffffff;\">En Empleos Contatech te ayudamos a encontrar los perfiles indicados con las capacidades indicadas.<\/span><\/h3>\n<h3><\/h3>\n<p>[\/vc_column_text][\/vc_column][vc_column width=\u00bb1\/4&#8243;][\/vc_column][\/vc_row][vc_row][vc_column width=\u00bb1\/6&#8243;][\/vc_column][vc_column width=\u00bb2\/3&#8243;][vc_column_text]<\/p>\n<div class=\"elementor-element elementor-element-7148957 elementor-widget elementor-widget-heading\" data-id=\"7148957\" data-element_type=\"widget\" data-widget_type=\"heading.default\">\n<div class=\"elementor-widget-container\">\n<h2 class=\"elementor-heading-title elementor-size-default\" style=\"text-align: center;\">Perfiles destacados en Empleos Contatech<\/h2>\n<\/div>\n<\/div>\n<div class=\"elementor-element elementor-element-bc4829e elementor-widget elementor-widget-text-editor\" data-id=\"bc4829e\" data-element_type=\"widget\" data-widget_type=\"text-editor.default\">\n<div class=\"elementor-widget-container\">\n<div class=\"elementor-text-editor elementor-clearfix\"><\/div>\n<\/div>\n<\/div>\n<p>[\/vc_column_text][vc_single_image image=\u00bb5172&#8243; img_size=\u00bbfull\u00bb alignment=\u00bbcenter\u00bb][vc_empty_space]            <div class=\"iw-button  button1  center-text\">\r\n                <a class=\"width-auto\" href=\"https:\/\/empleos.contatech.org\/staging\/register\/\" style=\"\">\r\n                    <span class=\"button-text\">Ver todos los perfiles<\/span>\r\n                <\/a>\r\n            <\/div>\r\n            [vc_column_text css=\u00bb.vc_custom_1688047769299{padding-top: 50px !important;padding-bottom: 10px !important;}\u00bb]<\/p>\n<div class=\"elementor-element elementor-element-7148957 elementor-widget elementor-widget-heading\" data-id=\"7148957\" data-element_type=\"widget\" data-widget_type=\"heading.default\">\n<div class=\"elementor-widget-container\">\n<h2 class=\"elementor-heading-title elementor-size-default\" style=\"text-align: center;\">Busc\u00e1 candidatos con habilidades espec\u00edficas<\/h2>\n<\/div>\n<\/div>\n<p>[\/vc_column_text][\/vc_column][vc_column width=\u00bb1\/6&#8243;][\/vc_column][\/vc_row][vc_row][vc_column width=\u00bb1\/6&#8243;][vc_single_image image=\u00bb5211&#8243; img_size=\u00bb75&#215;75&#8243;][vc_single_image image=\u00bb5226&#8243; img_size=\u00bb75&#215;75&#8243;][\/vc_column][vc_column width=\u00bb1\/6&#8243;][vc_single_image image=\u00bb5200&#8243; img_size=\u00bb75&#215;75&#8243;][vc_single_image image=\u00bb5214&#8243; img_size=\u00bb75&#215;75&#8243;][\/vc_column][vc_column width=\u00bb1\/6&#8243;][vc_single_image image=\u00bb5201&#8243; img_size=\u00bb75&#215;75&#8243;][vc_single_image image=\u00bb5215&#8243; img_size=\u00bb75&#215;75&#8243;][\/vc_column][vc_column width=\u00bb1\/6&#8243;][vc_single_image image=\u00bb5202&#8243; img_size=\u00bb75&#215;75&#8243;][vc_single_image image=\u00bb5216&#8243; img_size=\u00bb75&#215;75&#8243;][\/vc_column][vc_column width=\u00bb1\/6&#8243;][vc_single_image image=\u00bb5208&#8243; img_size=\u00bb75&#215;75&#8243;][vc_single_image image=\u00bb5228&#8243; img_size=\u00bb75&#215;75&#8243;][\/vc_column][vc_column width=\u00bb1\/6&#8243;][vc_single_image image=\u00bb5222&#8243; img_size=\u00bb75&#215;75&#8243;][vc_single_image image=\u00bb5230&#8243; img_size=\u00bb75&#215;75&#8243;][\/vc_column][\/vc_row][vc_row full_width=\u00bbstretch_row\u00bb css=\u00bb.vc_custom_1686868989748{background-color: #effbf8 !important;}\u00bb][vc_column width=\u00bb1\/2&#8243; css=\u00bb.vc_custom_1688047796951{padding-top: 50px !important;}\u00bb][vc_column_text css=\u00bb.vc_custom_1686935275233{padding-top: 30px !important;}\u00bb]<\/p>\n<h2>Profesionales de econ\u00f3micas<\/h2>\n<p>[\/vc_column_text][vc_column_text css=\u00bb.vc_custom_1686935293112{padding-top: 20px !important;padding-bottom: 50px !important;}\u00bb]Encontr\u00e1 el contador, licenciado en administraci\u00f3n, economista, actuario o licenciado en sistemas de la informaci\u00f3n que necesit\u00e1s, con los conocimientos de tecnolog\u00eda e idiomas requeridos para ocupar la vacante que necesita cubrir tu empresa[\/vc_column_text][\/vc_column][vc_column width=\u00bb1\/2&#8243; css=\u00bb.vc_custom_1688047812602{padding-top: 50px !important;}\u00bb][vc_column_text css=\u00bb.vc_custom_1686935316154{padding-top: 30px !important;}\u00bb]<\/p>\n<h2>Porfolio personal<\/h2>\n<p>[\/vc_column_text][vc_column_text css=\u00bb.vc_custom_1686935324110{padding-top: 20px !important;padding-bottom: 50px !important;}\u00bb]Compart\u00ed tu perfil y porfolio en tus redes, para que todos puedan ver tu experiencia, los servicios que brind\u00e1s, los proyectos que realizaste y las tecnolog\u00edas que manej\u00e1s[\/vc_column_text][\/vc_column][\/vc_row][vc_row full_width=\u00bbstretch_row_content\u00bb][vc_column css=\u00bb.vc_custom_1686868899813{background-color: #6bf2d4 !important;}\u00bb][vc_column_text css=\u00bb.vc_custom_1686931284408{padding-top: 50px !important;}\u00bb]<\/p>\n<div class=\"elementor-element elementor-element-7148957 elementor-widget elementor-widget-heading\" data-id=\"7148957\" data-element_type=\"widget\" data-widget_type=\"heading.default\">\n<div class=\"elementor-widget-container\">\n<h2 class=\"elementor-heading-title elementor-size-default\" style=\"text-align: center;\">Forma parte de nuestra comunidad<\/h2>\n<\/div>\n<\/div>\n<div class=\"elementor-element elementor-element-bc4829e elementor-widget elementor-widget-text-editor\" data-id=\"bc4829e\" data-element_type=\"widget\" data-widget_type=\"text-editor.default\">\n<div class=\"elementor-widget-container\">\n<div class=\"elementor-text-editor elementor-clearfix\"><\/div>\n<\/div>\n<\/div>\n<p>[\/vc_column_text][vc_column_text css=\u00bb.vc_custom_1686931291901{padding-bottom: 50px !important;}\u00bb]<\/p>\n<p style=\"text-align: center;\">Trabajamos con empresas y celebridades para ayudarles a consolidar<br \/>\nsu presencia online y multiplicar sus ventas.[\/vc_column_text][\/vc_column][\/vc_row]<\/p>\n<\/section>","protected":false},"excerpt":{"rendered":"<p>[vc_row full_width=\u00bbstretch_row_content_no_spaces\u00bb css=\u00bb.vc_custom_1686869376747{background-color: #322d4f !important;}\u00bb][vc_column width=\u00bb1\/4&#8243; css=\u00bb.vc_custom_1686868496321{background-color: #322d4f !important;}\u00bb][\/vc_column][vc_column width=\u00bb1\/2&#8243; css=\u00bb.vc_custom_1686931185580{padding-top: 50px !important;padding-bottom: 90px !important;}\u00bb][vc_empty_space height=\u00bb50px\u00bb][vc_column_text] Portal de empleo para profesionales y estudiantes de economicas [\/vc_column_text][vc_column_text] En Empleos Contatech te ayudamos a encontrar los perfiles indicados con las capacidades indicadas. [\/vc_column_text][\/vc_column][vc_column width=\u00bb1\/4&#8243;][\/vc_column][\/vc_row][vc_row][vc_column width=\u00bb1\/6&#8243;][\/vc_column][vc_column width=\u00bb2\/3&#8243;][vc_column_text] Perfiles destacados en Empleos Contatech [\/vc_column_text][vc_single_image image=\u00bb5172&#8243; img_size=\u00bbfull\u00bb alignment=\u00bbcenter\u00bb][vc_empty_space][vc_column_text css=\u00bb.vc_custom_1688047769299{padding-top: 50px [&hellip;]<\/p>\n","protected":false},"author":2,"featured_media":0,"parent":0,"menu_order":0,"comment_status":"closed","ping_status":"closed","template":"page-templates\/home-page.php","meta":{"inline_featured_image":false,"footnotes":""},"class_list":["post-5155","page","type-page","status-publish","hentry"],"_links":{"self":[{"href":"https:\/\/empleos.contatech.org\/staging\/wp-json\/wp\/v2\/pages\/5155","targetHints":{"allow":["GET"]}}],"collection":[{"href":"https:\/\/empleos.contatech.org\/staging\/wp-json\/wp\/v2\/pages"}],"about":[{"href":"https:\/\/empleos.contatech.org\/staging\/wp-json\/wp\/v2\/types\/page"}],"author":[{"embeddable":true,"href":"https:\/\/empleos.contatech.org\/staging\/wp-json\/wp\/v2\/users\/2"}],"replies":[{"embeddable":true,"href":"https:\/\/empleos.contatech.org\/staging\/wp-json\/wp\/v2\/comments?post=5155"}],"version-history":[{"count":40,"href":"https:\/\/empleos.contatech.org\/staging\/wp-json\/wp\/v2\/pages\/5155\/revisions"}],"predecessor-version":[{"id":5233,"href":"https:\/\/empleos.contatech.org\/staging\/wp-json\/wp\/v2\/pages\/5155\/revisions\/5233"}],"wp:attachment":[{"href":"https:\/\/empleos.contatech.org\/staging\/wp-json\/wp\/v2\/media?parent=5155"}],"curies":[{"name":"wp","href":"https:\/\/api.w.org\/{rel}","templated":true}]}}